{"id":1242,"date":"2023-11-29T12:40:07","date_gmt":"2023-11-29T11:40:07","guid":{"rendered":"https:\/\/bb29alr.myrdbx.io\/?page_id=1242"},"modified":"2025-03-18T11:42:48","modified_gmt":"2025-03-18T10:42:48","slug":"bohrtechnik","status":"publish","type":"page","link":"https:\/\/emde-bohrtechnik.de\/pt\/bohrtechnik\/","title":{"rendered":"Tecnologia de perfura\u00e7\u00e3o"},"content":{"rendered":"<div data-elementor-type=\"wp-page\" data-elementor-id=\"1242\" class=\"elementor elementor-1242\" data-elementor-post-type=\"page\">\n\t\t\t\t<div class=\"elementor-element elementor-element-bbfcf53 e-con-full e-flex e-con e-parent\" data-id=\"bbfcf53\" data-element_type=\"container\">\n\t\t\t\t<div class=\"elementor-element elementor-element-7bb0f9b elementor-widget elementor-widget-template\" data-id=\"7bb0f9b\" data-element_type=\"widget\" data-widget_type=\"template.default\">\n\t\t\t\t<div class=\"elementor-widget-container\">\n\t\t\t\t\t\t\t<div class=\"elementor-template\">\n\t\t\t\t\t<div data-elementor-type=\"container\" data-elementor-id=\"763\" class=\"elementor elementor-763\" data-elementor-post-type=\"elementor_library\">\n\t\t\t\t<div class=\"elementor-element elementor-element-488268c e-flex e-con-boxed e-con e-parent\" data-id=\"488268c\" data-element_type=\"container\" data-settings=\"{&quot;background_background&quot;:&quot;classic&quot;}\">\n\t\t\t\t\t<div class=\"e-con-inner\">\n\t\t\t\t<div class=\"elementor-element elementor-element-a54077b elementor-widget elementor-widget-heading\" data-id=\"a54077b\" data-element_type=\"widget\" data-widget_type=\"heading.default\">\n\t\t\t\t<div class=\"elementor-widget-container\">\n\t\t\t\t\t<h1 class=\"elementor-heading-title elementor-size-default\">Tecnologia de perfura\u00e7\u00e3o<\/h1>\t\t\t\t<\/div>\n\t\t\t\t<\/div>\n\t\t\t\t\t<\/div>\n\t\t\t\t<\/div>\n\t\t\t\t<\/div>\n\t\t\t\t<\/div>\n\t\t\t\t\t\t<\/div>\n\t\t\t\t<\/div>\n\t\t\t\t<\/div>\n\t\t<div class=\"elementor-element elementor-element-0ce8b9a e-flex e-con-boxed e-con e-parent\" data-id=\"0ce8b9a\" data-element_type=\"container\" data-settings=\"{&quot;background_background&quot;:&quot;classic&quot;}\">\n\t\t\t\t\t<div class=\"e-con-inner\">\n\t\t<div class=\"elementor-element elementor-element-c8a5315 e-con-full e-flex e-con e-child\" data-id=\"c8a5315\" data-element_type=\"container\">\n\t\t\t\t<div class=\"elementor-element elementor-element-dbffea4 animated-slow elementor-invisible elementor-widget elementor-widget-heading\" data-id=\"dbffea4\" data-element_type=\"widget\" data-settings=\"{&quot;_animation&quot;:&quot;fadeIn&quot;}\" data-widget_type=\"heading.default\">\n\t\t\t\t<div class=\"elementor-widget-container\">\n\t\t\t\t\t<h2 class=\"elementor-heading-title elementor-size-default\">Tecnologia de perfura\u00e7\u00e3o &amp; e ferramentas de perfura\u00e7\u00e3o  <br> para a constru\u00e7\u00e3o subterr\u00e2nea especializada<\/h2>\t\t\t\t<\/div>\n\t\t\t\t<\/div>\n\t\t\t\t<div class=\"elementor-element elementor-element-3d25fa5 elementor-invisible elementor-widget elementor-widget-text-editor\" data-id=\"3d25fa5\" data-element_type=\"widget\" data-settings=\"{&quot;_animation&quot;:&quot;fadeIn&quot;,&quot;_animation_delay&quot;:200}\" data-widget_type=\"text-editor.default\">\n\t\t\t\t<div class=\"elementor-widget-container\">\n\t\t\t\t\t\t\t\t\t<p>A EMDE atua com sucesso no mercado como fornecedora de ferramentas de perfura\u00e7\u00e3o para constru\u00e7\u00e3o subterr\u00e2nea especializada h\u00e1 mais de quatro d\u00e9cadas. Com os conhecimentos mais modernos e muitos anos de experi\u00eancia pr\u00e1tica, fabricamos ferramentas de perfura\u00e7\u00e3o para ancoragem e de estacas em m\u00e1quinas-ferramenta de elevada precis\u00e3o, garantindo uma qualidade de primeira classe.<\/p>\t\t\t\t\t\t\t\t<\/div>\n\t\t\t\t<\/div>\n\t\t\t\t<\/div>\n\t\t<div class=\"elementor-element elementor-element-732e056 e-con-full e-flex e-con e-child\" data-id=\"732e056\" data-element_type=\"container\">\n\t\t\t\t<div class=\"elementor-element elementor-element-f6bc377 elementor-widget elementor-widget-image\" data-id=\"f6bc377\" data-element_type=\"widget\" data-widget_type=\"image.default\">\n\t\t\t\t<div class=\"elementor-widget-container\">\n\t\t\t\t\t\t\t\t\t\t\t\t\t\t\t<img fetchpriority=\"high\" decoding=\"async\" width=\"683\" height=\"1024\" src=\"https:\/\/emde-bohrtechnik.de\/wp-content\/uploads\/2024\/11\/EMDE-Shooting-GD-60-683x1024.jpg\" class=\"attachment-large size-large wp-image-3102\" alt=\"\" srcset=\"\" sizes=\"(max-width: 683px) 100vw, 683px\" data-srcset=\"\" \/>\t\t\t\t\t\t\t\t\t\t\t\t\t\t\t<\/div>\n\t\t\t\t<\/div>\n\t\t\t\t<\/div>\n\t\t\t\t\t<\/div>\n\t\t\t\t<\/div>\n\t\t<div class=\"elementor-element elementor-element-5517b550 e-flex e-con-boxed elementor-invisible e-con e-parent\" data-id=\"5517b550\" data-element_type=\"container\" data-settings=\"{&quot;animation&quot;:&quot;fadeInUp&quot;}\">\n\t\t\t\t\t<div class=\"e-con-inner\">\n\t\t<div class=\"elementor-element elementor-element-5e8b394c e-con-full e-flex e-con e-child\" data-id=\"5e8b394c\" data-element_type=\"container\" data-settings=\"{&quot;background_background&quot;:&quot;classic&quot;}\">\n\t\t\t\t<div class=\"elementor-element elementor-element-792d6e85 animated-slow elementor-invisible elementor-widget elementor-widget-heading\" data-id=\"792d6e85\" data-element_type=\"widget\" data-settings=\"{&quot;_animation&quot;:&quot;fadeIn&quot;}\" data-widget_type=\"heading.default\">\n\t\t\t\t<div class=\"elementor-widget-container\">\n\t\t\t\t\t<h3 class=\"elementor-heading-title elementor-size-default\">Perfura\u00e7\u00e3o para ancoragem<\/h3>\t\t\t\t<\/div>\n\t\t\t\t<\/div>\n\t\t\t\t<div class=\"elementor-element elementor-element-25805d42 elementor-invisible elementor-widget elementor-widget-text-editor\" data-id=\"25805d42\" data-element_type=\"widget\" data-settings=\"{&quot;_animation&quot;:&quot;fadeIn&quot;,&quot;_animation_delay&quot;:200}\" data-widget_type=\"text-editor.default\">\n\t\t\t\t<div class=\"elementor-widget-container\">\n\t\t\t\t\t\t\t\t\t<div class=\"flex-shrink-0 flex flex-col relative items-end\"><div><div class=\"pt-0\"><div class=\"gizmo-bot-avatar flex h-8 w-8 items-center justify-center overflow-hidden rounded-full\"><div class=\"relative p-1 rounded-sm flex items-center justify-center bg-token-main-surface-primary text-token-text-primary h-8 w-8\">Oferecemos-lhe uma gama completa de ferramentas de perfura\u00e7\u00e3o de alta qualidade, cadeiras de ancoragem, caixas de ancoragem e acess\u00f3rios adequados para a perfura\u00e7\u00e3o de ancoragem.<\/div><\/div><\/div><\/div><\/div>\t\t\t\t\t\t\t\t<\/div>\n\t\t\t\t<\/div>\n\t\t\t\t<div class=\"elementor-element elementor-element-5b319a1 elementor-align-left elementor-tablet-align-left elementor-mobile-align-center elementor-widget elementor-widget-button\" data-id=\"5b319a1\" data-element_type=\"widget\" data-widget_type=\"button.default\">\n\t\t\t\t<div class=\"elementor-widget-container\">\n\t\t\t\t\t\t\t\t\t<div class=\"elementor-button-wrapper\">\n\t\t\t\t\t<a class=\"elementor-button elementor-button-link elementor-size-sm elementor-animation-float\" href=\"https:\/\/emde-bohrtechnik.de\/pt\/bohrtechnik-und-bohrwerkzeuge-fuer-den-spezialtiefbau\/ankerbohren\/\">\n\t\t\t\t\t\t<span class=\"elementor-button-content-wrapper\">\n\t\t\t\t\t\t\t\t\t<span class=\"elementor-button-text\">Mais<\/span>\n\t\t\t\t\t<\/span>\n\t\t\t\t\t<\/a>\n\t\t\t\t<\/div>\n\t\t\t\t\t\t\t\t<\/div>\n\t\t\t\t<\/div>\n\t\t\t\t<\/div>\n\t\t<div class=\"elementor-element elementor-element-239a49b7 e-con-full e-flex e-con e-child\" data-id=\"239a49b7\" data-element_type=\"container\" data-settings=\"{&quot;background_background&quot;:&quot;classic&quot;}\">\n\t\t\t\t<div class=\"elementor-element elementor-element-6a42b067 animated-slow elementor-invisible elementor-widget elementor-widget-heading\" data-id=\"6a42b067\" data-element_type=\"widget\" data-settings=\"{&quot;_animation&quot;:&quot;fadeIn&quot;}\" data-widget_type=\"heading.default\">\n\t\t\t\t<div class=\"elementor-widget-container\">\n\t\t\t\t\t<h3 class=\"elementor-heading-title elementor-size-default\">Perfura\u00e7\u00e3o de estacas<\/h3>\t\t\t\t<\/div>\n\t\t\t\t<\/div>\n\t\t\t\t<div class=\"elementor-element elementor-element-5847d4a6 elementor-invisible elementor-widget elementor-widget-text-editor\" data-id=\"5847d4a6\" data-element_type=\"widget\" data-settings=\"{&quot;_animation&quot;:&quot;fadeIn&quot;,&quot;_animation_delay&quot;:200}\" data-widget_type=\"text-editor.default\">\n\t\t\t\t<div class=\"elementor-widget-container\">\n\t\t\t\t\t\t\t\t\t<p>Uma constru\u00e7\u00e3o est\u00e1vel necessita de uma base s\u00f3lida. A utiliza\u00e7\u00e3o de m\u00e9todos de perfura\u00e7\u00e3o conhecidos, as estacas de funda\u00e7\u00e3o s\u00e3o instaladas em seguran\u00e7a em qualquer terreno para constru\u00e7\u00e3o.<\/p>\t\t\t\t\t\t\t\t<\/div>\n\t\t\t\t<\/div>\n\t\t\t\t<div class=\"elementor-element elementor-element-d4c01e5 elementor-align-left elementor-tablet-align-left elementor-mobile-align-center elementor-widget elementor-widget-button\" data-id=\"d4c01e5\" data-element_type=\"widget\" data-widget_type=\"button.default\">\n\t\t\t\t<div class=\"elementor-widget-container\">\n\t\t\t\t\t\t\t\t\t<div class=\"elementor-button-wrapper\">\n\t\t\t\t\t<a class=\"elementor-button elementor-button-link elementor-size-sm elementor-animation-float\" href=\"https:\/\/emde-bohrtechnik.de\/pt\/bohrtechnik-und-bohrwerkzeuge-fuer-den-spezialtiefbau\/pfahlbohren\/\">\n\t\t\t\t\t\t<span class=\"elementor-button-content-wrapper\">\n\t\t\t\t\t\t\t\t\t<span class=\"elementor-button-text\">Mais<\/span>\n\t\t\t\t\t<\/span>\n\t\t\t\t\t<\/a>\n\t\t\t\t<\/div>\n\t\t\t\t\t\t\t\t<\/div>\n\t\t\t\t<\/div>\n\t\t\t\t<\/div>\n\t\t\t\t\t<\/div>\n\t\t\t\t<\/div>\n\t\t<div class=\"elementor-element elementor-element-7704e1c4 e-flex e-con-boxed e-con e-parent\" data-id=\"7704e1c4\" data-element_type=\"container\" data-settings=\"{&quot;background_background&quot;:&quot;classic&quot;}\">\n\t\t\t\t\t<div class=\"e-con-inner\">\n\t\t<div class=\"elementor-element elementor-element-7681b5e8 e-con-full e-flex e-con e-child\" data-id=\"7681b5e8\" data-element_type=\"container\">\n\t\t\t\t<div class=\"elementor-element elementor-element-7ddf51c1 animated-slow elementor-invisible elementor-widget elementor-widget-heading\" data-id=\"7ddf51c1\" data-element_type=\"widget\" data-settings=\"{&quot;_animation&quot;:&quot;fadeIn&quot;}\" data-widget_type=\"heading.default\">\n\t\t\t\t<div class=\"elementor-widget-container\">\n\t\t\t\t\t<h2 class=\"elementor-heading-title elementor-size-default\">Porqu\u00ea EMDE?<\/h2>\t\t\t\t<\/div>\n\t\t\t\t<\/div>\n\t\t\t\t<\/div>\n\t\t<div class=\"elementor-element elementor-element-3c0c858b e-con-full e-flex e-con e-child\" data-id=\"3c0c858b\" data-element_type=\"container\">\n\t\t<div class=\"elementor-element elementor-element-2e8c1961 e-con-full e-flex e-con e-child\" data-id=\"2e8c1961\" data-element_type=\"container\">\n\t\t\t\t<div class=\"elementor-element elementor-element-36924259 animated-slow elementor-widget__width-initial elementor-invisible elementor-widget elementor-widget-heading\" data-id=\"36924259\" data-element_type=\"widget\" data-settings=\"{&quot;_animation&quot;:&quot;fadeIn&quot;}\" data-widget_type=\"heading.default\">\n\t\t\t\t<div class=\"elementor-widget-container\">\n\t\t\t\t\t<p class=\"elementor-heading-title elementor-size-default\">1<\/p>\t\t\t\t<\/div>\n\t\t\t\t<\/div>\n\t\t\t\t<div class=\"elementor-element elementor-element-1a9ea916 animated-slow elementor-invisible elementor-widget elementor-widget-heading\" data-id=\"1a9ea916\" data-element_type=\"widget\" data-settings=\"{&quot;_animation&quot;:&quot;fadeIn&quot;}\" data-widget_type=\"heading.default\">\n\t\t\t\t<div class=\"elementor-widget-container\">\n\t\t\t\t\t<h3 class=\"elementor-heading-title elementor-size-default\">Desenvolvimento e fabrico pr\u00e1tico\n<\/h3>\t\t\t\t<\/div>\n\t\t\t\t<\/div>\n\t\t\t\t<div class=\"elementor-element elementor-element-557b6108 elementor-invisible elementor-widget elementor-widget-text-editor\" data-id=\"557b6108\" data-element_type=\"widget\" data-settings=\"{&quot;_animation&quot;:&quot;fadeIn&quot;,&quot;_animation_delay&quot;:200}\" data-widget_type=\"text-editor.default\">\n\t\t\t\t<div class=\"elementor-widget-container\">\n\t\t\t\t\t\t\t\t\t<p>A EMDE desenvolve e fabrica ferramentas de perfura\u00e7\u00e3o especificamente adaptadas aos desafios da engenharia civil, com a utiliza\u00e7\u00e3o de materiais de elevada qualidade e um controlo de qualidade cont\u00ednuo.<\/p>\t\t\t\t\t\t\t\t<\/div>\n\t\t\t\t<\/div>\n\t\t\t\t<\/div>\n\t\t<div class=\"elementor-element elementor-element-200ec628 e-con-full e-flex e-con e-child\" data-id=\"200ec628\" data-element_type=\"container\">\n\t\t\t\t<div class=\"elementor-element elementor-element-640a4557 animated-slow elementor-widget__width-initial elementor-invisible elementor-widget elementor-widget-heading\" data-id=\"640a4557\" data-element_type=\"widget\" data-settings=\"{&quot;_animation&quot;:&quot;fadeIn&quot;}\" data-widget_type=\"heading.default\">\n\t\t\t\t<div class=\"elementor-widget-container\">\n\t\t\t\t\t<p class=\"elementor-heading-title elementor-size-default\">2<\/p>\t\t\t\t<\/div>\n\t\t\t\t<\/div>\n\t\t\t\t<div class=\"elementor-element elementor-element-29bb88dd animated-slow elementor-invisible elementor-widget elementor-widget-heading\" data-id=\"29bb88dd\" data-element_type=\"widget\" data-settings=\"{&quot;_animation&quot;:&quot;fadeIn&quot;}\" data-widget_type=\"heading.default\">\n\t\t\t\t<div class=\"elementor-widget-container\">\n\t\t\t\t\t<h3 class=\"elementor-heading-title elementor-size-default\">Consultoria e solu\u00e7\u00f5es individuais<\/h3>\t\t\t\t<\/div>\n\t\t\t\t<\/div>\n\t\t\t\t<div class=\"elementor-element elementor-element-6290354 elementor-invisible elementor-widget elementor-widget-text-editor\" data-id=\"6290354\" data-element_type=\"widget\" data-settings=\"{&quot;_animation&quot;:&quot;fadeIn&quot;,&quot;_animation_delay&quot;:200}\" data-widget_type=\"text-editor.default\">\n\t\t\t\t<div class=\"elementor-widget-container\">\n\t\t\t\t\t\t\t\t\t<p>Os nossos especialistas acompanham-no, avaliando as necessidades no local e fornecendo solu\u00e7\u00f5es personalizadas, incluindo para ferramentas ou componentes especiais.<\/p><h3>\u00a0<\/h3>\t\t\t\t\t\t\t\t<\/div>\n\t\t\t\t<\/div>\n\t\t\t\t<\/div>\n\t\t<div class=\"elementor-element elementor-element-443d25dd e-con-full e-flex e-con e-child\" data-id=\"443d25dd\" data-element_type=\"container\">\n\t\t\t\t<div class=\"elementor-element elementor-element-524329df animated-slow elementor-widget__width-initial elementor-invisible elementor-widget elementor-widget-heading\" data-id=\"524329df\" data-element_type=\"widget\" data-settings=\"{&quot;_animation&quot;:&quot;fadeIn&quot;}\" data-widget_type=\"heading.default\">\n\t\t\t\t<div class=\"elementor-widget-container\">\n\t\t\t\t\t<p class=\"elementor-heading-title elementor-size-default\">3<\/p>\t\t\t\t<\/div>\n\t\t\t\t<\/div>\n\t\t\t\t<div class=\"elementor-element elementor-element-5e19c0b0 animated-slow elementor-invisible elementor-widget elementor-widget-heading\" data-id=\"5e19c0b0\" data-element_type=\"widget\" data-settings=\"{&quot;_animation&quot;:&quot;fadeIn&quot;}\" data-widget_type=\"heading.default\">\n\t\t\t\t<div class=\"elementor-widget-container\">\n\t\t\t\t\t<h3 class=\"elementor-heading-title elementor-size-default\">Fiabilidade e entrega r\u00e1pida\n<\/h3>\t\t\t\t<\/div>\n\t\t\t\t<\/div>\n\t\t\t\t<div class=\"elementor-element elementor-element-1a8fc65f elementor-invisible elementor-widget elementor-widget-text-editor\" data-id=\"1a8fc65f\" data-element_type=\"widget\" data-settings=\"{&quot;_animation&quot;:&quot;fadeIn&quot;,&quot;_animation_delay&quot;:200}\" data-widget_type=\"text-editor.default\">\n\t\t\t\t<div class=\"elementor-widget-container\">\n\t\t\t\t\t\t\t\t\t<p>Gra\u00e7as a um espa\u00e7o de armazenamento abrangente e a um elevado n\u00edvel de integra\u00e7\u00e3o vertical, a EMDE garante uma disponibilidade r\u00e1pida e um processo tranquilo para o seu projeto.<\/p>\t\t\t\t\t\t\t\t<\/div>\n\t\t\t\t<\/div>\n\t\t\t\t<\/div>\n\t\t\t\t<\/div>\n\t\t\t\t\t<\/div>\n\t\t\t\t<\/div>\n\t\t\t\t<\/div>","protected":false},"excerpt":{"rendered":"<p>Bohrtechnik &amp; Bohrwerkzeuge f\u00fcr den Spezialtiefbau Seit \u00fcber vier Jahrzehnten ist EMDE als Zulieferer von Bohrwerkzeugen f\u00fcr den Spezialtiefbau erfolgreich am Markt t\u00e4tig. Mit modernsten Erkenntnissen und langj\u00e4hriger Praxiserfahrung fertigen wir sowohl Anker- als auch Pfahlbohrwerkzeuge auf hochpr\u00e4zisen Werkzeugmaschinen in erstklassiger Qualit\u00e4t. Ankerbohren Wir bieten Ihnen rund um das Ankerbohren ein umfassendes Sortiment an hochwertigen [&hellip;]<\/p>","protected":false},"author":5,"featured_media":3400,"parent":0,"menu_order":0,"comment_status":"closed","ping_status":"closed","template":"elementor_header_footer","meta":{"_acf_changed":false,"footnotes":""},"class_list":["post-1242","page","type-page","status-publish","has-post-thumbnail","hentry"],"acf":[],"yoast_head":"<!-- This site is optimized with the Yoast SEO plugin v24.7 - https:\/\/yoast.com\/wordpress\/plugins\/seo\/ -->\n<title>Bohrtechnik \u2013 Ihr Partner im Spezialtiefbau | EMDE Bohrtechnik<\/title>\n<meta name=\"description\" content=\"Die Bohrtechnik wird bei uns auf hohem Niveau immer weiter ausgebaut. F\u00fcr den Spezialtiefbau sind wir bestens vorbereitet &amp; unterst\u00fctzen Sie. Hier mehr!\" \/>\n<meta name=\"robots\" content=\"index, follow, max-snippet:-1, max-image-preview:large, max-video-preview:-1\" \/>\n<link rel=\"canonical\" href=\"https:\/\/emde-bohrtechnik.de\/pt\/bohrtechnik\/\" \/>\n<meta property=\"og:locale\" content=\"pt_PT\" \/>\n<meta property=\"og:type\" content=\"article\" \/>\n<meta property=\"og:title\" content=\"Bohrtechnik \u2013 Ihr Partner im Spezialtiefbau | EMDE Bohrtechnik\" \/>\n<meta property=\"og:description\" content=\"Die Bohrtechnik wird bei uns auf hohem Niveau immer weiter ausgebaut. F\u00fcr den Spezialtiefbau sind wir bestens vorbereitet &amp; unterst\u00fctzen Sie. Hier mehr!\" \/>\n<meta property=\"og:url\" content=\"https:\/\/emde-bohrtechnik.de\/pt\/bohrtechnik\/\" \/>\n<meta property=\"og:site_name\" content=\"EMDE Bohrtechnik\" \/>\n<meta property=\"article:publisher\" content=\"https:\/\/www.facebook.com\/profile.php?id=100083098488395\" \/>\n<meta property=\"article:modified_time\" content=\"2025-03-18T10:42:48+00:00\" \/>\n<meta property=\"og:image\" content=\"https:\/\/emde-bohrtechnik.de\/wp-content\/uploads\/2024\/11\/Emde-Bohretechnik-1024x576.png\" \/>\n\t<meta property=\"og:image:width\" content=\"1024\" \/>\n\t<meta property=\"og:image:height\" content=\"576\" \/>\n\t<meta property=\"og:image:type\" content=\"image\/png\" \/>\n<meta name=\"twitter:card\" content=\"summary_large_image\" \/>\n<meta name=\"twitter:label1\" content=\"Tempo estimado de leitura\" \/>\n\t<meta name=\"twitter:data1\" content=\"2 minutos\" \/>\n<script type=\"application\/ld+json\" class=\"yoast-schema-graph\">{\"@context\":\"https:\/\/schema.org\",\"@graph\":[{\"@type\":\"WebPage\",\"@id\":\"https:\/\/emde-bohrtechnik.de\/bohrtechnik\/\",\"url\":\"https:\/\/emde-bohrtechnik.de\/bohrtechnik\/\",\"name\":\"Bohrtechnik \u2013 Ihr Partner im Spezialtiefbau | EMDE Bohrtechnik\",\"isPartOf\":{\"@id\":\"https:\/\/emde-bohrtechnik.de\/#website\"},\"primaryImageOfPage\":{\"@id\":\"https:\/\/emde-bohrtechnik.de\/bohrtechnik\/#primaryimage\"},\"image\":{\"@id\":\"https:\/\/emde-bohrtechnik.de\/bohrtechnik\/#primaryimage\"},\"thumbnailUrl\":\"https:\/\/emde-bohrtechnik.de\/wp-content\/uploads\/2024\/11\/Emde-Bohretechnik.png\",\"datePublished\":\"2023-11-29T11:40:07+00:00\",\"dateModified\":\"2025-03-18T10:42:48+00:00\",\"description\":\"Die Bohrtechnik wird bei uns auf hohem Niveau immer weiter ausgebaut. F\u00fcr den Spezialtiefbau sind wir bestens vorbereitet & unterst\u00fctzen Sie. Hier mehr!\",\"breadcrumb\":{\"@id\":\"https:\/\/emde-bohrtechnik.de\/bohrtechnik\/#breadcrumb\"},\"inLanguage\":\"pt-PT\",\"potentialAction\":[{\"@type\":\"ReadAction\",\"target\":[\"https:\/\/emde-bohrtechnik.de\/bohrtechnik\/\"]}]},{\"@type\":\"ImageObject\",\"inLanguage\":\"pt-PT\",\"@id\":\"https:\/\/emde-bohrtechnik.de\/bohrtechnik\/#primaryimage\",\"url\":\"https:\/\/emde-bohrtechnik.de\/wp-content\/uploads\/2024\/11\/Emde-Bohretechnik.png\",\"contentUrl\":\"https:\/\/emde-bohrtechnik.de\/wp-content\/uploads\/2024\/11\/Emde-Bohretechnik.png\",\"width\":1920,\"height\":1080},{\"@type\":\"BreadcrumbList\",\"@id\":\"https:\/\/emde-bohrtechnik.de\/bohrtechnik\/#breadcrumb\",\"itemListElement\":[{\"@type\":\"ListItem\",\"position\":1,\"name\":\"Startseite\",\"item\":\"https:\/\/emde-bohrtechnik.de\/\"},{\"@type\":\"ListItem\",\"position\":2,\"name\":\"Bohrtechnik\"}]},{\"@type\":\"WebSite\",\"@id\":\"https:\/\/emde-bohrtechnik.de\/#website\",\"url\":\"https:\/\/emde-bohrtechnik.de\/\",\"name\":\"EMDE Bohrtechnik\",\"description\":\"Anker-, Geothermie- und Pfahlbohren\",\"publisher\":{\"@id\":\"https:\/\/emde-bohrtechnik.de\/#organization\"},\"potentialAction\":[{\"@type\":\"SearchAction\",\"target\":{\"@type\":\"EntryPoint\",\"urlTemplate\":\"https:\/\/emde-bohrtechnik.de\/?s={search_term_string}\"},\"query-input\":{\"@type\":\"PropertyValueSpecification\",\"valueRequired\":true,\"valueName\":\"search_term_string\"}}],\"inLanguage\":\"pt-PT\"},{\"@type\":\"Organization\",\"@id\":\"https:\/\/emde-bohrtechnik.de\/#organization\",\"name\":\"EMDE Bohrtechnik\",\"url\":\"https:\/\/emde-bohrtechnik.de\/\",\"logo\":{\"@type\":\"ImageObject\",\"inLanguage\":\"pt-PT\",\"@id\":\"https:\/\/emde-bohrtechnik.de\/#\/schema\/logo\/image\/\",\"url\":\"https:\/\/emde-bohrtechnik.de\/wp-content\/uploads\/2023\/08\/EMDE-Bohrtechnik-Logo-White.svg\",\"contentUrl\":\"https:\/\/emde-bohrtechnik.de\/wp-content\/uploads\/2023\/08\/EMDE-Bohrtechnik-Logo-White.svg\",\"width\":403,\"height\":151,\"caption\":\"EMDE Bohrtechnik\"},\"image\":{\"@id\":\"https:\/\/emde-bohrtechnik.de\/#\/schema\/logo\/image\/\"},\"sameAs\":[\"https:\/\/www.facebook.com\/profile.php?id=100083098488395\"]}]}<\/script>\n<!-- \/ Yoast SEO plugin. -->","yoast_head_json":{"title":"Bohrtechnik \u2013 Ihr Partner im Spezialtiefbau | EMDE Bohrtechnik","description":"Die Bohrtechnik wird bei uns auf hohem Niveau immer weiter ausgebaut. F\u00fcr den Spezialtiefbau sind wir bestens vorbereitet & unterst\u00fctzen Sie. Hier mehr!","robots":{"index":"index","follow":"follow","max-snippet":"max-snippet:-1","max-image-preview":"max-image-preview:large","max-video-preview":"max-video-preview:-1"},"canonical":"https:\/\/emde-bohrtechnik.de\/pt\/bohrtechnik\/","og_locale":"pt_PT","og_type":"article","og_title":"Bohrtechnik \u2013 Ihr Partner im Spezialtiefbau | EMDE Bohrtechnik","og_description":"Die Bohrtechnik wird bei uns auf hohem Niveau immer weiter ausgebaut. F\u00fcr den Spezialtiefbau sind wir bestens vorbereitet & unterst\u00fctzen Sie. Hier mehr!","og_url":"https:\/\/emde-bohrtechnik.de\/pt\/bohrtechnik\/","og_site_name":"EMDE Bohrtechnik","article_publisher":"https:\/\/www.facebook.com\/profile.php?id=100083098488395","article_modified_time":"2025-03-18T10:42:48+00:00","og_image":[{"width":1024,"height":576,"url":"https:\/\/emde-bohrtechnik.de\/wp-content\/uploads\/2024\/11\/Emde-Bohretechnik-1024x576.png","type":"image\/png"}],"twitter_card":"summary_large_image","twitter_misc":{"Tempo estimado de leitura":"2 minutos"},"schema":{"@context":"https:\/\/schema.org","@graph":[{"@type":"WebPage","@id":"https:\/\/emde-bohrtechnik.de\/bohrtechnik\/","url":"https:\/\/emde-bohrtechnik.de\/bohrtechnik\/","name":"Bohrtechnik \u2013 Ihr Partner im Spezialtiefbau | EMDE Bohrtechnik","isPartOf":{"@id":"https:\/\/emde-bohrtechnik.de\/#website"},"primaryImageOfPage":{"@id":"https:\/\/emde-bohrtechnik.de\/bohrtechnik\/#primaryimage"},"image":{"@id":"https:\/\/emde-bohrtechnik.de\/bohrtechnik\/#primaryimage"},"thumbnailUrl":"https:\/\/emde-bohrtechnik.de\/wp-content\/uploads\/2024\/11\/Emde-Bohretechnik.png","datePublished":"2023-11-29T11:40:07+00:00","dateModified":"2025-03-18T10:42:48+00:00","description":"Die Bohrtechnik wird bei uns auf hohem Niveau immer weiter ausgebaut. F\u00fcr den Spezialtiefbau sind wir bestens vorbereitet & unterst\u00fctzen Sie. Hier mehr!","breadcrumb":{"@id":"https:\/\/emde-bohrtechnik.de\/bohrtechnik\/#breadcrumb"},"inLanguage":"pt-PT","potentialAction":[{"@type":"ReadAction","target":["https:\/\/emde-bohrtechnik.de\/bohrtechnik\/"]}]},{"@type":"ImageObject","inLanguage":"pt-PT","@id":"https:\/\/emde-bohrtechnik.de\/bohrtechnik\/#primaryimage","url":"https:\/\/emde-bohrtechnik.de\/wp-content\/uploads\/2024\/11\/Emde-Bohretechnik.png","contentUrl":"https:\/\/emde-bohrtechnik.de\/wp-content\/uploads\/2024\/11\/Emde-Bohretechnik.png","width":1920,"height":1080},{"@type":"BreadcrumbList","@id":"https:\/\/emde-bohrtechnik.de\/bohrtechnik\/#breadcrumb","itemListElement":[{"@type":"ListItem","position":1,"name":"Startseite","item":"https:\/\/emde-bohrtechnik.de\/"},{"@type":"ListItem","position":2,"name":"Bohrtechnik"}]},{"@type":"WebSite","@id":"https:\/\/emde-bohrtechnik.de\/#website","url":"https:\/\/emde-bohrtechnik.de\/","name":"EMDE Bohrtechnik","description":"Anker-, Geothermie- und Pfahlbohren","publisher":{"@id":"https:\/\/emde-bohrtechnik.de\/#organization"},"potentialAction":[{"@type":"SearchAction","target":{"@type":"EntryPoint","urlTemplate":"https:\/\/emde-bohrtechnik.de\/?s={search_term_string}"},"query-input":{"@type":"PropertyValueSpecification","valueRequired":true,"valueName":"search_term_string"}}],"inLanguage":"pt-PT"},{"@type":"Organization","@id":"https:\/\/emde-bohrtechnik.de\/#organization","name":"EMDE Bohrtechnik","url":"https:\/\/emde-bohrtechnik.de\/","logo":{"@type":"ImageObject","inLanguage":"pt-PT","@id":"https:\/\/emde-bohrtechnik.de\/#\/schema\/logo\/image\/","url":"https:\/\/emde-bohrtechnik.de\/wp-content\/uploads\/2023\/08\/EMDE-Bohrtechnik-Logo-White.svg","contentUrl":"https:\/\/emde-bohrtechnik.de\/wp-content\/uploads\/2023\/08\/EMDE-Bohrtechnik-Logo-White.svg","width":403,"height":151,"caption":"EMDE Bohrtechnik"},"image":{"@id":"https:\/\/emde-bohrtechnik.de\/#\/schema\/logo\/image\/"},"sameAs":["https:\/\/www.facebook.com\/profile.php?id=100083098488395"]}]}},"_links":{"self":[{"href":"https:\/\/emde-bohrtechnik.de\/pt\/wp-json\/wp\/v2\/pages\/1242","targetHints":{"allow":["GET"]}}],"collection":[{"href":"https:\/\/emde-bohrtechnik.de\/pt\/wp-json\/wp\/v2\/pages"}],"about":[{"href":"https:\/\/emde-bohrtechnik.de\/pt\/wp-json\/wp\/v2\/types\/page"}],"author":[{"embeddable":true,"href":"https:\/\/emde-bohrtechnik.de\/pt\/wp-json\/wp\/v2\/users\/5"}],"replies":[{"embeddable":true,"href":"https:\/\/emde-bohrtechnik.de\/pt\/wp-json\/wp\/v2\/comments?post=1242"}],"version-history":[{"count":164,"href":"https:\/\/emde-bohrtechnik.de\/pt\/wp-json\/wp\/v2\/pages\/1242\/revisions"}],"predecessor-version":[{"id":4586,"href":"https:\/\/emde-bohrtechnik.de\/pt\/wp-json\/wp\/v2\/pages\/1242\/revisions\/4586"}],"wp:featuredmedia":[{"embeddable":true,"href":"https:\/\/emde-bohrtechnik.de\/pt\/wp-json\/wp\/v2\/media\/3400"}],"wp:attachment":[{"href":"https:\/\/emde-bohrtechnik.de\/pt\/wp-json\/wp\/v2\/media?parent=1242"}],"curies":[{"name":"wp","href":"https:\/\/api.w.org\/{rel}","templated":true}]}}