{"id":4640,"date":"2025-03-21T11:24:32","date_gmt":"2025-03-21T10:24:32","guid":{"rendered":"https:\/\/bb29alr.myrdbx.io\/?page_id=4640"},"modified":"2025-03-21T21:26:27","modified_gmt":"2025-03-21T20:26:27","slug":"impressum","status":"publish","type":"page","link":"https:\/\/emde-bohrtechnik.de\/en_us\/company\/imprint\/","title":{"rendered":"Imprint"},"content":{"rendered":"<div data-elementor-type=\"wp-page\" data-elementor-id=\"4640\" class=\"elementor elementor-4640\" data-elementor-post-type=\"page\">\n\t\t\t\t<div class=\"elementor-element elementor-element-cdbf524 e-con-full e-flex e-con e-parent\" data-id=\"cdbf524\" data-element_type=\"container\">\n\t\t\t\t<div class=\"elementor-element elementor-element-af1cdb6 elementor-widget elementor-widget-template\" data-id=\"af1cdb6\" data-element_type=\"widget\" data-widget_type=\"template.default\">\n\t\t\t\t<div class=\"elementor-widget-container\">\n\t\t\t\t\t\t\t<div class=\"elementor-template\">\n\t\t\t\t\t<div data-elementor-type=\"container\" data-elementor-id=\"763\" class=\"elementor elementor-763\" data-elementor-post-type=\"elementor_library\">\n\t\t\t\t<div class=\"elementor-element elementor-element-488268c e-flex e-con-boxed e-con e-parent\" data-id=\"488268c\" data-element_type=\"container\" data-settings=\"{&quot;background_background&quot;:&quot;classic&quot;}\">\n\t\t\t\t\t<div class=\"e-con-inner\">\n\t\t\t\t<div class=\"elementor-element elementor-element-a54077b elementor-widget elementor-widget-heading\" data-id=\"a54077b\" data-element_type=\"widget\" data-widget_type=\"heading.default\">\n\t\t\t\t<div class=\"elementor-widget-container\">\n\t\t\t\t\t<h1 class=\"elementor-heading-title elementor-size-default\">Imprint<\/h1>\t\t\t\t<\/div>\n\t\t\t\t<\/div>\n\t\t\t\t\t<\/div>\n\t\t\t\t<\/div>\n\t\t\t\t<\/div>\n\t\t\t\t<\/div>\n\t\t\t\t\t\t<\/div>\n\t\t\t\t<\/div>\n\t\t\t\t<\/div>\n\t\t<div class=\"elementor-element elementor-element-4282b1e2 e-flex e-con-boxed e-con e-parent\" data-id=\"4282b1e2\" data-element_type=\"container\">\n\t\t\t\t\t<div class=\"e-con-inner\">\n\t\t<div class=\"elementor-element elementor-element-95841d5 e-flex e-con-boxed e-con e-child\" data-id=\"95841d5\" data-element_type=\"container\">\n\t\t\t\t\t<div class=\"e-con-inner\">\n\t\t<div class=\"elementor-element elementor-element-28924de e-flex e-con-boxed e-con e-child\" data-id=\"28924de\" data-element_type=\"container\">\n\t\t\t\t\t<div class=\"e-con-inner\">\n\t\t\t\t<div class=\"elementor-element elementor-element-51858a7f elementor-widget elementor-widget-text-editor\" data-id=\"51858a7f\" data-element_type=\"widget\" data-widget_type=\"text-editor.default\">\n\t\t\t\t<div class=\"elementor-widget-container\">\n\t\t\t\t\t\t\t\t\t<h1>Imprint<\/h1><p><strong>EMDE Bohrtechnik Nentershausen GmbH<\/strong><br \/>32\u201334 Lahnstrasse<br \/>56412 Nentershausen<br \/>Germany<\/p><p>Tel.: <a href=\"tel:+496485187040\">+49 (0) 6485 \u2013 18704 \u2013 0 <\/a><br \/><br \/>E-mail: <a href=\"mailto:info@emde-bohrtechnik.de\">info@emde-bohrtechnik.de<\/a><\/p><p>Register Court: Local Court of Montabaur<br \/>Registration Number: HRB 26247<\/p><p>Managing Directors: Levent \u00d6zkurt, Harald Emde<\/p><p>Umsatzsteuer-Identifikationsnummer: DE 319 589 642<\/p><p>Person Responsible according to \u00a7 18 (2) MStV (German State Media Treaty)<br \/>Levent \u00d6zkurt (Holding), Harald Emde<\/p><p>Platform of the EU Commission for Online Dispute Resolution:\u00a0<a href=\"https:\/\/ec.europa.eu\/odr\" target=\"_blank\" rel=\"noopener\">https:\/\/ec.europa.eu\/odr<\/a><\/p><p>We are neither obliged nor willing to participate in a dispute resolution procedure before a consumer arbitration board.<\/p>\t\t\t\t\t\t\t\t<\/div>\n\t\t\t\t<\/div>\n\t\t\t\t\t<\/div>\n\t\t\t\t<\/div>\n\t\t<div class=\"elementor-element elementor-element-86240fd e-flex e-con-boxed e-con e-child\" data-id=\"86240fd\" data-element_type=\"container\">\n\t\t\t\t\t<div class=\"e-con-inner\">\n\t\t\t\t<div class=\"elementor-element elementor-element-474b68a elementor-widget elementor-widget-image\" data-id=\"474b68a\" data-element_type=\"widget\" data-widget_type=\"image.default\">\n\t\t\t\t<div class=\"elementor-widget-container\">\n\t\t\t\t\t\t\t\t\t\t\t\t\t\t\t<img fetchpriority=\"high\" decoding=\"async\" width=\"403\" height=\"151\" src=\"https:\/\/emde-bohrtechnik.de\/wp-content\/uploads\/2023\/08\/EMDE-Bohrtechnik-Logo.svg\" class=\"attachment-large size-large wp-image-13\" alt=\"EMDE Bohrtechnik\" \/>\t\t\t\t\t\t\t\t\t\t\t\t\t\t\t<\/div>\n\t\t\t\t<\/div>\n\t\t\t\t\t<\/div>\n\t\t\t\t<\/div>\n\t\t\t\t\t<\/div>\n\t\t\t\t<\/div>\n\t\t\t\t\t<\/div>\n\t\t\t\t<\/div>\n\t\t\t\t<\/div>","protected":false},"excerpt":{"rendered":"<p>Impressum EMDE Bohrtechnik Nentershausen GmbHLahnstra\u00dfe 32-3456412 NentershausenDeutschland Tel.: +49 (0) 6485 \u2013 18704 \u2013 0 E-Mail: info@emde-bohrtechnik.de Registergericht: Amtsgericht MontabaurRegisternummer: HRB 26247 Gesch\u00e4ftsf\u00fchrer: Levent \u00d6zkurt, Harald Emde Umsatzsteuer-Identifikationsnummer: DE 319 589 642 Verantwortliche\/r i.S.d. \u00a7 18 Abs. 2 MStV:Levent \u00d6zkurt (Holding), Harald Emde Plattform der EU-Kommission zur Online-Streitbeilegung:\u00a0https:\/\/ec.europa.eu\/odr Wir sind zur Teilnahme an einem Streitbeilegungsverfahren [&hellip;]<\/p>","protected":false},"author":5,"featured_media":0,"parent":64,"menu_order":0,"comment_status":"closed","ping_status":"closed","template":"elementor_header_footer","meta":{"_acf_changed":false,"footnotes":""},"class_list":["post-4640","page","type-page","status-publish","hentry"],"acf":[],"yoast_head":"<!-- This site is optimized with the Yoast SEO plugin v24.7 - https:\/\/yoast.com\/wordpress\/plugins\/seo\/ -->\n<title>Impressum - EMDE Bohrtechnik<\/title>\n<meta name=\"robots\" content=\"index, follow, max-snippet:-1, max-image-preview:large, max-video-preview:-1\" \/>\n<link rel=\"canonical\" href=\"https:\/\/emde-bohrtechnik.de\/en_us\/company\/imprint\/\" \/>\n<meta property=\"og:locale\" content=\"en_US\" \/>\n<meta property=\"og:type\" content=\"article\" \/>\n<meta property=\"og:title\" content=\"Impressum - EMDE Bohrtechnik\" \/>\n<meta property=\"og:description\" content=\"Impressum EMDE Bohrtechnik Nentershausen GmbHLahnstra\u00dfe 32-3456412 NentershausenDeutschland Tel.: +49 (0) 6485 \u2013 18704 \u2013 0 E-Mail: info@emde-bohrtechnik.de Registergericht: Amtsgericht MontabaurRegisternummer: HRB 26247 Gesch\u00e4ftsf\u00fchrer: Levent \u00d6zkurt, Harald Emde Umsatzsteuer-Identifikationsnummer: DE 319 589 642 Verantwortliche\/r i.S.d. \u00a7 18 Abs. 2 MStV:Levent \u00d6zkurt (Holding), Harald Emde Plattform der EU-Kommission zur Online-Streitbeilegung:\u00a0https:\/\/ec.europa.eu\/odr Wir sind zur Teilnahme an einem Streitbeilegungsverfahren [&hellip;]\" \/>\n<meta property=\"og:url\" content=\"https:\/\/emde-bohrtechnik.de\/en_us\/company\/imprint\/\" \/>\n<meta property=\"og:site_name\" content=\"EMDE Bohrtechnik\" \/>\n<meta property=\"article:publisher\" content=\"https:\/\/www.facebook.com\/profile.php?id=100083098488395\" \/>\n<meta property=\"article:modified_time\" content=\"2025-03-21T20:26:27+00:00\" \/>\n<meta property=\"og:image\" content=\"https:\/\/emde-bohrtechnik.de\/wp-content\/uploads\/2023\/08\/EMDE-Bohrtechnik-Logo.svg\" \/>\n<meta name=\"twitter:card\" content=\"summary_large_image\" \/>\n<meta name=\"twitter:label1\" content=\"Est. reading time\" \/>\n\t<meta name=\"twitter:data1\" content=\"1 minute\" \/>\n<script type=\"application\/ld+json\" class=\"yoast-schema-graph\">{\"@context\":\"https:\/\/schema.org\",\"@graph\":[{\"@type\":\"WebPage\",\"@id\":\"https:\/\/emde-bohrtechnik.de\/unternehmen\/impressum\/\",\"url\":\"https:\/\/emde-bohrtechnik.de\/unternehmen\/impressum\/\",\"name\":\"Impressum - EMDE Bohrtechnik\",\"isPartOf\":{\"@id\":\"https:\/\/emde-bohrtechnik.de\/#website\"},\"primaryImageOfPage\":{\"@id\":\"https:\/\/emde-bohrtechnik.de\/unternehmen\/impressum\/#primaryimage\"},\"image\":{\"@id\":\"https:\/\/emde-bohrtechnik.de\/unternehmen\/impressum\/#primaryimage\"},\"thumbnailUrl\":\"https:\/\/emde-bohrtechnik.de\/wp-content\/uploads\/2023\/08\/EMDE-Bohrtechnik-Logo.svg\",\"datePublished\":\"2025-03-21T10:24:32+00:00\",\"dateModified\":\"2025-03-21T20:26:27+00:00\",\"breadcrumb\":{\"@id\":\"https:\/\/emde-bohrtechnik.de\/unternehmen\/impressum\/#breadcrumb\"},\"inLanguage\":\"en-US\",\"potentialAction\":[{\"@type\":\"ReadAction\",\"target\":[\"https:\/\/emde-bohrtechnik.de\/unternehmen\/impressum\/\"]}]},{\"@type\":\"ImageObject\",\"inLanguage\":\"en-US\",\"@id\":\"https:\/\/emde-bohrtechnik.de\/unternehmen\/impressum\/#primaryimage\",\"url\":\"https:\/\/emde-bohrtechnik.de\/wp-content\/uploads\/2023\/08\/EMDE-Bohrtechnik-Logo.svg\",\"contentUrl\":\"https:\/\/emde-bohrtechnik.de\/wp-content\/uploads\/2023\/08\/EMDE-Bohrtechnik-Logo.svg\"},{\"@type\":\"BreadcrumbList\",\"@id\":\"https:\/\/emde-bohrtechnik.de\/unternehmen\/impressum\/#breadcrumb\",\"itemListElement\":[{\"@type\":\"ListItem\",\"position\":1,\"name\":\"Startseite\",\"item\":\"https:\/\/emde-bohrtechnik.de\/\"},{\"@type\":\"ListItem\",\"position\":2,\"name\":\"Unternehmen\",\"item\":\"https:\/\/emde-bohrtechnik.de\/unternehmen\/\"},{\"@type\":\"ListItem\",\"position\":3,\"name\":\"Impressum\"}]},{\"@type\":\"WebSite\",\"@id\":\"https:\/\/emde-bohrtechnik.de\/#website\",\"url\":\"https:\/\/emde-bohrtechnik.de\/\",\"name\":\"EMDE Bohrtechnik\",\"description\":\"Anker-, Geothermie- und Pfahlbohren\",\"publisher\":{\"@id\":\"https:\/\/emde-bohrtechnik.de\/#organization\"},\"potentialAction\":[{\"@type\":\"SearchAction\",\"target\":{\"@type\":\"EntryPoint\",\"urlTemplate\":\"https:\/\/emde-bohrtechnik.de\/?s={search_term_string}\"},\"query-input\":{\"@type\":\"PropertyValueSpecification\",\"valueRequired\":true,\"valueName\":\"search_term_string\"}}],\"inLanguage\":\"en-US\"},{\"@type\":\"Organization\",\"@id\":\"https:\/\/emde-bohrtechnik.de\/#organization\",\"name\":\"EMDE Bohrtechnik\",\"url\":\"https:\/\/emde-bohrtechnik.de\/\",\"logo\":{\"@type\":\"ImageObject\",\"inLanguage\":\"en-US\",\"@id\":\"https:\/\/emde-bohrtechnik.de\/#\/schema\/logo\/image\/\",\"url\":\"https:\/\/emde-bohrtechnik.de\/wp-content\/uploads\/2023\/08\/EMDE-Bohrtechnik-Logo-White.svg\",\"contentUrl\":\"https:\/\/emde-bohrtechnik.de\/wp-content\/uploads\/2023\/08\/EMDE-Bohrtechnik-Logo-White.svg\",\"width\":403,\"height\":151,\"caption\":\"EMDE Bohrtechnik\"},\"image\":{\"@id\":\"https:\/\/emde-bohrtechnik.de\/#\/schema\/logo\/image\/\"},\"sameAs\":[\"https:\/\/www.facebook.com\/profile.php?id=100083098488395\"]}]}<\/script>\n<!-- \/ Yoast SEO plugin. -->","yoast_head_json":{"title":"Impressum - EMDE Bohrtechnik","robots":{"index":"index","follow":"follow","max-snippet":"max-snippet:-1","max-image-preview":"max-image-preview:large","max-video-preview":"max-video-preview:-1"},"canonical":"https:\/\/emde-bohrtechnik.de\/en_us\/company\/imprint\/","og_locale":"en_US","og_type":"article","og_title":"Impressum - EMDE Bohrtechnik","og_description":"Impressum EMDE Bohrtechnik Nentershausen GmbHLahnstra\u00dfe 32-3456412 NentershausenDeutschland Tel.: +49 (0) 6485 \u2013 18704 \u2013 0 E-Mail: info@emde-bohrtechnik.de Registergericht: Amtsgericht MontabaurRegisternummer: HRB 26247 Gesch\u00e4ftsf\u00fchrer: Levent \u00d6zkurt, Harald Emde Umsatzsteuer-Identifikationsnummer: DE 319 589 642 Verantwortliche\/r i.S.d. \u00a7 18 Abs. 2 MStV:Levent \u00d6zkurt (Holding), Harald Emde Plattform der EU-Kommission zur Online-Streitbeilegung:\u00a0https:\/\/ec.europa.eu\/odr Wir sind zur Teilnahme an einem Streitbeilegungsverfahren [&hellip;]","og_url":"https:\/\/emde-bohrtechnik.de\/en_us\/company\/imprint\/","og_site_name":"EMDE Bohrtechnik","article_publisher":"https:\/\/www.facebook.com\/profile.php?id=100083098488395","article_modified_time":"2025-03-21T20:26:27+00:00","og_image":[{"url":"https:\/\/emde-bohrtechnik.de\/wp-content\/uploads\/2023\/08\/EMDE-Bohrtechnik-Logo.svg","type":"","width":"","height":""}],"twitter_card":"summary_large_image","twitter_misc":{"Est. reading time":"1 minute"},"schema":{"@context":"https:\/\/schema.org","@graph":[{"@type":"WebPage","@id":"https:\/\/emde-bohrtechnik.de\/unternehmen\/impressum\/","url":"https:\/\/emde-bohrtechnik.de\/unternehmen\/impressum\/","name":"Impressum - EMDE Bohrtechnik","isPartOf":{"@id":"https:\/\/emde-bohrtechnik.de\/#website"},"primaryImageOfPage":{"@id":"https:\/\/emde-bohrtechnik.de\/unternehmen\/impressum\/#primaryimage"},"image":{"@id":"https:\/\/emde-bohrtechnik.de\/unternehmen\/impressum\/#primaryimage"},"thumbnailUrl":"https:\/\/emde-bohrtechnik.de\/wp-content\/uploads\/2023\/08\/EMDE-Bohrtechnik-Logo.svg","datePublished":"2025-03-21T10:24:32+00:00","dateModified":"2025-03-21T20:26:27+00:00","breadcrumb":{"@id":"https:\/\/emde-bohrtechnik.de\/unternehmen\/impressum\/#breadcrumb"},"inLanguage":"en-US","potentialAction":[{"@type":"ReadAction","target":["https:\/\/emde-bohrtechnik.de\/unternehmen\/impressum\/"]}]},{"@type":"ImageObject","inLanguage":"en-US","@id":"https:\/\/emde-bohrtechnik.de\/unternehmen\/impressum\/#primaryimage","url":"https:\/\/emde-bohrtechnik.de\/wp-content\/uploads\/2023\/08\/EMDE-Bohrtechnik-Logo.svg","contentUrl":"https:\/\/emde-bohrtechnik.de\/wp-content\/uploads\/2023\/08\/EMDE-Bohrtechnik-Logo.svg"},{"@type":"BreadcrumbList","@id":"https:\/\/emde-bohrtechnik.de\/unternehmen\/impressum\/#breadcrumb","itemListElement":[{"@type":"ListItem","position":1,"name":"Startseite","item":"https:\/\/emde-bohrtechnik.de\/"},{"@type":"ListItem","position":2,"name":"Unternehmen","item":"https:\/\/emde-bohrtechnik.de\/unternehmen\/"},{"@type":"ListItem","position":3,"name":"Impressum"}]},{"@type":"WebSite","@id":"https:\/\/emde-bohrtechnik.de\/#website","url":"https:\/\/emde-bohrtechnik.de\/","name":"EMDE Bohrtechnik","description":"Anker-, Geothermie- und Pfahlbohren","publisher":{"@id":"https:\/\/emde-bohrtechnik.de\/#organization"},"potentialAction":[{"@type":"SearchAction","target":{"@type":"EntryPoint","urlTemplate":"https:\/\/emde-bohrtechnik.de\/?s={search_term_string}"},"query-input":{"@type":"PropertyValueSpecification","valueRequired":true,"valueName":"search_term_string"}}],"inLanguage":"en-US"},{"@type":"Organization","@id":"https:\/\/emde-bohrtechnik.de\/#organization","name":"EMDE Bohrtechnik","url":"https:\/\/emde-bohrtechnik.de\/","logo":{"@type":"ImageObject","inLanguage":"en-US","@id":"https:\/\/emde-bohrtechnik.de\/#\/schema\/logo\/image\/","url":"https:\/\/emde-bohrtechnik.de\/wp-content\/uploads\/2023\/08\/EMDE-Bohrtechnik-Logo-White.svg","contentUrl":"https:\/\/emde-bohrtechnik.de\/wp-content\/uploads\/2023\/08\/EMDE-Bohrtechnik-Logo-White.svg","width":403,"height":151,"caption":"EMDE Bohrtechnik"},"image":{"@id":"https:\/\/emde-bohrtechnik.de\/#\/schema\/logo\/image\/"},"sameAs":["https:\/\/www.facebook.com\/profile.php?id=100083098488395"]}]}},"_links":{"self":[{"href":"https:\/\/emde-bohrtechnik.de\/en_us\/wp-json\/wp\/v2\/pages\/4640","targetHints":{"allow":["GET"]}}],"collection":[{"href":"https:\/\/emde-bohrtechnik.de\/en_us\/wp-json\/wp\/v2\/pages"}],"about":[{"href":"https:\/\/emde-bohrtechnik.de\/en_us\/wp-json\/wp\/v2\/types\/page"}],"author":[{"embeddable":true,"href":"https:\/\/emde-bohrtechnik.de\/en_us\/wp-json\/wp\/v2\/users\/5"}],"replies":[{"embeddable":true,"href":"https:\/\/emde-bohrtechnik.de\/en_us\/wp-json\/wp\/v2\/comments?post=4640"}],"version-history":[{"count":10,"href":"https:\/\/emde-bohrtechnik.de\/en_us\/wp-json\/wp\/v2\/pages\/4640\/revisions"}],"predecessor-version":[{"id":4737,"href":"https:\/\/emde-bohrtechnik.de\/en_us\/wp-json\/wp\/v2\/pages\/4640\/revisions\/4737"}],"up":[{"embeddable":true,"href":"https:\/\/emde-bohrtechnik.de\/en_us\/wp-json\/wp\/v2\/pages\/64"}],"wp:attachment":[{"href":"https:\/\/emde-bohrtechnik.de\/en_us\/wp-json\/wp\/v2\/media?parent=4640"}],"curies":[{"name":"wp","href":"https:\/\/api.w.org\/{rel}","templated":true}]}}